{"id":7115,"date":"2018-04-30T09:00:33","date_gmt":"2018-04-30T09:00:33","guid":{"rendered":"http:\/\/hoteldowntown.de\/?page_id=7115"},"modified":"2018-12-03T16:38:55","modified_gmt":"2018-12-03T16:38:55","slug":"restaurant","status":"publish","type":"page","link":"https:\/\/hoteldowntown.de\/es\/restaurant\/","title":{"rendered":"Restaurant"},"content":{"rendered":"<div class=\"wpb-content-wrapper\"><p>[vc_row][vc_column][rev_slider_vc alias=\u00bbrestaurant\u00bb][\/vc_column][\/vc_row][vc_row css_animation=\u00bbedgtf-element-from-left\u00bb content_width=\u00bbgrid\u00bb content_aligment=\u00bbcenter\u00bb css=\u00bb.vc_custom_1513095476348{padding-top: 20px !important;padding-bottom: 20px !important;}\u00bb][vc_column css=\u00bb.vc_custom_1513095454115{padding-top: 20px !important;padding-bottom: 20px !important;}\u00bb]\n        <div id=\"ghix-booking\" class=\"vc-infobox-wrap\">\n\n            <h2 class=\"vc-infobox-title\"><\/h2>\n            <input id=\"checkin\" placeholder=\"Check in\" readonly=\"true\" \/>\n            <input id=\"checkout\" placeholder=\"Check out\" readonly=\"true\" \/>\n            <div style=\"display: inline-block;\"> <button id=\"ghix-book\" style=\"background:#bc022b\">Jetzt buchen<\/button><\/div>\n\n        <\/div>\n        <link rel=\"stylesheet\" href=\"https:\/\/hoteldowntown.de\/wp-content\/themes\/ratio\/assets\/css\/pikaday.css\">\n  <script src=\"https:\/\/hoteldowntown.de\/wp-content\/themes\/ratio\/assets\/js\/pickday.js\"><\/script>\n  <script>\n\n    var checkin = new Pikaday(\n    {\n      field: document.getElementById(\"checkin\"),\n      firstDay: 1,\n      format: \"D\/M\/YYYY\",\n          toString(date, format) {\n              const day = date.getDate();\n              const month = date.getMonth() + 1;\n              const year = date.getFullYear();\n              return `${day}\/${month}\/${year}`;\n          },\n      minDate: new Date(),\n      maxDate: new Date(2020, 12, 31),\n      yearRange: [2000,2020]\n    });\n    var checkout = new Pikaday(\n    {\n      field: document.getElementById(\"checkout\"),\n      firstDay: 1,\n      format: \"D\/M\/YYYY\",\n          toString(date, format) {\n              const day = date.getDate();\n              const month = date.getMonth() + 1;\n              const year = date.getFullYear();\n              return `${day}\/${month}\/${year}`;\n          },\n      minDate: new Date(),\n      maxDate: new Date(2020, 12, 31),\n      yearRange: [2000,2020],\n      yearRange: [2000,2020]\n    });\n\n\n\n    $(\"#ghix-book\").click(function(){\n    var checkinDate = checkin.toString(\"DD-MM-YYYY\")\n    var checkoutDate = checkout.toString(\"DD-MM-YYYY\")\n    console.log(checkinDate)\n      window.open(\"https:\/\/securebooking.ghix.net\/?View=Booking1&HotelID=2992989&StartDate=\"+checkinDate+\"&EndDate=\"+checkoutDate+\"&LanguageID=2\", \"_blank\");\n    });\n\n  <\/script>\n\n        [\/vc_column][\/vc_row][vc_row content_width=\u00bbgrid\u00bb content_aligment=\u00bbcenter\u00bb css=\u00bb.vc_custom_1525069402646{padding-top: 73px !important;padding-bottom: 73px !important;background-color: #1d1d1d !important;}\u00bb][vc_column][vc_column_text]<\/p>\n<h3 style=\"text-align: center;\"><span style=\"color: #ffffff;\">BUCHEN SIE DIREKT \u00dcBER UNSERE WEBSITE<br \/>\n<\/span> <span style=\"color: #fff; font-weight: bold;\">Best Preis GARANTIE<\/span><\/h3>\n<p>[\/vc_column_text][\/vc_column][\/vc_row][vc_row content_width=\u00bbgrid\u00bb css=\u00bb.vc_custom_1526343894927{margin-top: 20px !important;}\u00bb el_class=\u00bbcajas\u00bb][vc_column css=\u00bb.vc_custom_1513801923554{padding-top: 20px !important;padding-bottom: 40px !important;}\u00bb]<div class=\"edgtf-elements-holder edgtf-two-columns edgtf-responsive-mode-768\" ><div class=\"edgtf-elements-holder-item \"  >\n\t<div class=\"edgtf-elements-holder-item-background\" ><\/div>\n\t<div class=\"edgtf-elements-holder-item-inner\">\n\t\t<div class=\"edgtf-elements-holder-item-content edgtf-elements-holder-custom-531157\" style=\"padding: 3% 0% 4% 0\">\n\t\t\t\t\t\t<style type=\"text\/css\" data-type=\"edgtf-elements-custom-padding\" scoped>\n\n\t\t\t\t\t\t\t\t@media only screen and (min-width: 1280px) and (max-width: 1439px) {\n\t\t\t\t\t.edgtf-elements-holder .edgtf-elements-holder-item-content.edgtf-elements-holder-custom-531157 {\n\t\t\t\t\t\tpadding:  !important;\n\t\t\t\t\t}\n\t\t\t\t}\n\t\t\t\t\t\t\t\t\t\t\t\t\t@media only screen and (min-width: 1024px) and (max-width: 1280px) {\n\t\t\t\t\t\t.edgtf-elements-holder .edgtf-elements-holder-item-content.edgtf-elements-holder-custom-531157 {\n\t\t\t\t\t\t\tpadding:  !important;\n\t\t\t\t\t\t}\n\t\t\t\t\t}\n\t\t\t\t\t\t\t\t\t\t\t\t@media only screen and (min-width: 768px) and (max-width: 1024px) {\n\t\t\t\t\t.edgtf-elements-holder .edgtf-elements-holder-item-content.edgtf-elements-holder-custom-531157 {\n\t\t\t\t\t\tpadding: 3% 0% 12% 0 !important;\n\t\t\t\t\t}\n\t\t\t\t}\n\t\t\t\t\t\t\t\t\t\t\t\t@media only screen and (min-width: 600px) and (max-width: 768px) {\n\t\t\t\t\t.edgtf-elements-holder .edgtf-elements-holder-item-content.edgtf-elements-holder-custom-531157 {\n\t\t\t\t\t\tpadding: 3% 0% 12% 0 !important;\n\t\t\t\t\t}\n\t\t\t\t}\n\t\t\t\t\t\t\t\t\t\t\t\t@media only screen and (min-width: 480px) and (max-width: 600px) {\n\t\t\t\t\t.edgtf-elements-holder .edgtf-elements-holder-item-content.edgtf-elements-holder-custom-531157 {\n\t\t\t\t\t\tpadding: 3% 0% 15% 0 !important;\n\t\t\t\t\t}\n\t\t\t\t}\n\t\t\t\t\t\t\t\t\t\t\t\t@media only screen and (max-width: 480px) {\n\t\t\t\t\t.edgtf-elements-holder .edgtf-elements-holder-item-content.edgtf-elements-holder-custom-531157 {\n\t\t\t\t\t\tpadding: 3% 0% 15% 0 !important;\n\t\t\t\t\t}\n\t\t\t\t}\n\t\t\t\t\t\t\t\t<\/style>\n\t\t\t\t\t\t[vc_column_text]<\/p>\n<h2>Unser Restaurant<\/h2>\n<p>[\/vc_column_text]<div class=\"edgtf-separator-holder clearfix  edgtf-separator-left\">\n\t<div class=\"edgtf-separator\" style=\"border-color: #bc022b;border-style: solid;width: 50px;border-bottom-width: 1px;margin-top: 24px;margin-bottom: 25px\"><\/div>\n<\/div>\n[vc_column_text css=\u00bb.vc_custom_1526343888056{padding-right: 20px !important;}\u00bb el_class=\u00bbjustificado\u00bb]Auch kulinarisch bietet Frankfurt Ihnen viel Abwechslung mit einer gro\u00dfen Auswahl an internationalen Restaurants und Bars. Ob Ebbelwoi und Handk\u00e4s mit Musik oder authentisch afrikanische K\u00fcche, geboten wird, was das Herz begehrt.<\/p>\n<p>Nahe und attraktive Reiseziele sind ebenfalls der Rheingau und der Taunus, die f\u00fcr ihre einzigartige Natursch\u00f6nheit und als fruchtbare Weinanbaugebiete bekannt sind.[\/vc_column_text][vc_empty_space height=\u00bb25px\u00bb]<a href=\"https:\/\/securebooking.ghix.net\/?View=Booking1&#038;HotelID=2992989&#038;LanguageID=2\" target=\"_blank\"  class=\"edgtf-btn edgtf-btn-medium edgtf-btn-solid edgtf-has-hover background-color: #BC022B !important;\"  >\n    <span class=\"edgtf-btn-text\">JETZT BUCHEN<\/span>    <span class=\"edgtf-btn-background-holder\" style=\"background-color: #1d1d1d\"><\/span>\n    <span class=\"edgtf-btn-background-hover-holder\" ><\/span>\n<\/a>\t\t\t\t\t<\/div>\n\t<\/div>\n<\/div><div class=\"edgtf-elements-holder-item edgtf-horizontal-alignment-center\"  >\n\t<div class=\"edgtf-elements-holder-item-background\" style=\"background-image: url(https:\/\/hoteldowntown.de\/wp-content\/uploads\/2018\/05\/Clarion_Restaurant_1.jpg)\"><\/div>\n\t<div class=\"edgtf-elements-holder-item-inner\">\n\t\t<div class=\"edgtf-elements-holder-item-content edgtf-elements-holder-custom-456559\" style=\"padding: 0% 0% 0.5% 5%\">\n\t\t\t\t\t\t<style type=\"text\/css\" data-type=\"edgtf-elements-custom-padding\" scoped>\n\n\t\t\t\t\t\t\t\t@media only screen and (min-width: 1280px) and (max-width: 1439px) {\n\t\t\t\t\t.edgtf-elements-holder .edgtf-elements-holder-item-content.edgtf-elements-holder-custom-456559 {\n\t\t\t\t\t\tpadding:  !important;\n\t\t\t\t\t}\n\t\t\t\t}\n\t\t\t\t\t\t\t\t\t\t\t\t\t@media only screen and (min-width: 1024px) and (max-width: 1280px) {\n\t\t\t\t\t\t.edgtf-elements-holder .edgtf-elements-holder-item-content.edgtf-elements-holder-custom-456559 {\n\t\t\t\t\t\t\tpadding: 0 !important;\n\t\t\t\t\t\t}\n\t\t\t\t\t}\n\t\t\t\t\t\t\t\t\t\t\t\t@media only screen and (min-width: 768px) and (max-width: 1024px) {\n\t\t\t\t\t.edgtf-elements-holder .edgtf-elements-holder-item-content.edgtf-elements-holder-custom-456559 {\n\t\t\t\t\t\tpadding: 0 0 5% 0 !important;\n\t\t\t\t\t}\n\t\t\t\t}\n\t\t\t\t\t\t\t\t\t\t\t\t@media only screen and (min-width: 600px) and (max-width: 768px) {\n\t\t\t\t\t.edgtf-elements-holder .edgtf-elements-holder-item-content.edgtf-elements-holder-custom-456559 {\n\t\t\t\t\t\tpadding:  !important;\n\t\t\t\t\t}\n\t\t\t\t}\n\t\t\t\t\t\t\t\t\t\t\t\t@media only screen and (min-width: 480px) and (max-width: 600px) {\n\t\t\t\t\t.edgtf-elements-holder .edgtf-elements-holder-item-content.edgtf-elements-holder-custom-456559 {\n\t\t\t\t\t\tpadding:  !important;\n\t\t\t\t\t}\n\t\t\t\t}\n\t\t\t\t\t\t\t\t\t\t\t\t@media only screen and (max-width: 480px) {\n\t\t\t\t\t.edgtf-elements-holder .edgtf-elements-holder-item-content.edgtf-elements-holder-custom-456559 {\n\t\t\t\t\t\tpadding:  !important;\n\t\t\t\t\t}\n\t\t\t\t}\n\t\t\t\t\t\t\t\t<\/style>\n\t\t\t\t\t\t\t\t\t\t\t<\/div>\n\t<\/div>\n<\/div><\/div>[\/vc_column][\/vc_row][vc_row][vc_column]<div class = \"edgtf-portfolio-list-holder-outer edgtf-ptf-gallery edgtf-ptf-four-columns edgtf-hover-bordered\" data-next-page=\"2\" data-type=\"gallery\" data-columns=\"4\" data-grid-size=\"three\" data-order-by=\"menu_order\" data-order=\"ASC\" data-number=\"8\" data-image-size=\"landscape\" data-filter=\"no\" data-filter-order-by=\"name\" data-category=\"restaurant\" data-show-load-more=\"no\" data-title-tag=\"h4\" data-max-num-pages = 1><div class = \"edgtf-portfolio-list-holder clearfix\" ><article class=\"edgtf-portfolio-item mix portfolio_category_206\" >\n\t<a class=\"edgtf-portfolio-link\" href=\"#\"><\/a>\n\t<div class=\"edgtf-item-image-holder\">\n\t<img loading=\"lazy\" decoding=\"async\" width=\"800\" height=\"600\" src=\"https:\/\/hoteldowntown.de\/wp-content\/uploads\/2018\/04\/Clarion_Restaurant_2-min-800x600.jpg\" class=\"attachment-ratio_edge_landscape size-ratio_edge_landscape wp-post-image\" alt=\"\" \/>\t\t\t\t\n\t<\/div>\n\t<div class=\"edgtf-item-text-overlay\">\n\t\t<div class=\"edgtf-item-text-overlay-inner\">\n\t\t\t<div class=\"edgtf-item-text-holder\">\n\t\t\t\t<div class=\"edgtf-item-text-holder-inner\">\n\t\t\t\t\t<h4 class=\"edgtf-item-title\">\n\t\t\t\t\t\tRestaurant 2\t\t\t\t\t<\/h4>\n\t\t\t\t\t<span class=\"edgtf-ptf-line\"><\/span>\n\t\t\t\t\t<h6 class=\"edgtf-ptf-category-holder\"><span>Restaurant<\/span><\/h6>\t\t\t\t<\/div>\n\t\t\t<\/div>\n\t\t<\/div>\n\t\t\t\t\t<span class=\"edgtf-hover-border\">\n\t\t\t\t<span class=\"edgtf-line-1\"><\/span>\n\t\t\t\t<span class=\"edgtf-line-2\"><\/span>\n\t\t\t\t<span class=\"edgtf-line-3\"><\/span>\n\t\t\t\t<span class=\"edgtf-line-4\"><\/span>\n\t\t\t<\/span>\n\t\t\t<\/div>\n\t<\/article>\n<article class=\"edgtf-portfolio-item mix portfolio_category_206\" >\n\t<a class=\"edgtf-portfolio-link\" href=\"#\"><\/a>\n\t<div class=\"edgtf-item-image-holder\">\n\t<img loading=\"lazy\" decoding=\"async\" width=\"800\" height=\"600\" src=\"https:\/\/hoteldowntown.de\/wp-content\/uploads\/2018\/05\/Clarion_Fru\u0308hstu\u0308ck_3-1-1.jpg\" class=\"attachment-ratio_edge_landscape size-ratio_edge_landscape wp-post-image\" alt=\"\" srcset=\"https:\/\/hoteldowntown.de\/wp-content\/uploads\/2018\/05\/Clarion_Fru\u0308hstu\u0308ck_3-1-1.jpg 800w, https:\/\/hoteldowntown.de\/wp-content\/uploads\/2018\/05\/Clarion_Fru\u0308hstu\u0308ck_3-1-1-300x225.jpg 300w, https:\/\/hoteldowntown.de\/wp-content\/uploads\/2018\/05\/Clarion_Fru\u0308hstu\u0308ck_3-1-1-768x576.jpg 768w\" sizes=\"auto, (max-width: 800px) 100vw, 800px\" \/>\t\t\t\t\n\t<\/div>\n\t<div class=\"edgtf-item-text-overlay\">\n\t\t<div class=\"edgtf-item-text-overlay-inner\">\n\t\t\t<div class=\"edgtf-item-text-holder\">\n\t\t\t\t<div class=\"edgtf-item-text-holder-inner\">\n\t\t\t\t\t<h4 class=\"edgtf-item-title\">\n\t\t\t\t\t\tRestaurant 3\t\t\t\t\t<\/h4>\n\t\t\t\t\t<span class=\"edgtf-ptf-line\"><\/span>\n\t\t\t\t\t<h6 class=\"edgtf-ptf-category-holder\"><span>Restaurant<\/span><\/h6>\t\t\t\t<\/div>\n\t\t\t<\/div>\n\t\t<\/div>\n\t\t\t\t\t<span class=\"edgtf-hover-border\">\n\t\t\t\t<span class=\"edgtf-line-1\"><\/span>\n\t\t\t\t<span class=\"edgtf-line-2\"><\/span>\n\t\t\t\t<span class=\"edgtf-line-3\"><\/span>\n\t\t\t\t<span class=\"edgtf-line-4\"><\/span>\n\t\t\t<\/span>\n\t\t\t<\/div>\n\t<\/article>\n<article class=\"edgtf-portfolio-item mix portfolio_category_206\" >\n\t<a class=\"edgtf-portfolio-link\" href=\"#\"><\/a>\n\t<div class=\"edgtf-item-image-holder\">\n\t<img loading=\"lazy\" decoding=\"async\" width=\"800\" height=\"600\" src=\"https:\/\/hoteldowntown.de\/wp-content\/uploads\/2018\/04\/Clarion_Specials-min-800x600.jpg\" class=\"attachment-ratio_edge_landscape size-ratio_edge_landscape wp-post-image\" alt=\"\" \/>\t\t\t\t\n\t<\/div>\n\t<div class=\"edgtf-item-text-overlay\">\n\t\t<div class=\"edgtf-item-text-overlay-inner\">\n\t\t\t<div class=\"edgtf-item-text-holder\">\n\t\t\t\t<div class=\"edgtf-item-text-holder-inner\">\n\t\t\t\t\t<h4 class=\"edgtf-item-title\">\n\t\t\t\t\t\tRestaurant 4\t\t\t\t\t<\/h4>\n\t\t\t\t\t<span class=\"edgtf-ptf-line\"><\/span>\n\t\t\t\t\t<h6 class=\"edgtf-ptf-category-holder\"><span>Restaurant<\/span><\/h6>\t\t\t\t<\/div>\n\t\t\t<\/div>\n\t\t<\/div>\n\t\t\t\t\t<span class=\"edgtf-hover-border\">\n\t\t\t\t<span class=\"edgtf-line-1\"><\/span>\n\t\t\t\t<span class=\"edgtf-line-2\"><\/span>\n\t\t\t\t<span class=\"edgtf-line-3\"><\/span>\n\t\t\t\t<span class=\"edgtf-line-4\"><\/span>\n\t\t\t<\/span>\n\t\t\t<\/div>\n\t<\/article>\n<article class=\"edgtf-portfolio-item mix portfolio_category_206\" >\n\t<a class=\"edgtf-portfolio-link\" href=\"#\"><\/a>\n\t<div class=\"edgtf-item-image-holder\">\n\t<img loading=\"lazy\" decoding=\"async\" width=\"800\" height=\"600\" src=\"https:\/\/hoteldowntown.de\/wp-content\/uploads\/2018\/05\/Clarion_Restaurant_1-800x600.jpg\" class=\"attachment-ratio_edge_landscape size-ratio_edge_landscape wp-post-image\" alt=\"\" \/>\t\t\t\t\n\t<\/div>\n\t<div class=\"edgtf-item-text-overlay\">\n\t\t<div class=\"edgtf-item-text-overlay-inner\">\n\t\t\t<div class=\"edgtf-item-text-holder\">\n\t\t\t\t<div class=\"edgtf-item-text-holder-inner\">\n\t\t\t\t\t<h4 class=\"edgtf-item-title\">\n\t\t\t\t\t\tRestaurant 5\t\t\t\t\t<\/h4>\n\t\t\t\t\t<span class=\"edgtf-ptf-line\"><\/span>\n\t\t\t\t\t<h6 class=\"edgtf-ptf-category-holder\"><span>Restaurant<\/span><\/h6>\t\t\t\t<\/div>\n\t\t\t<\/div>\n\t\t<\/div>\n\t\t\t\t\t<span class=\"edgtf-hover-border\">\n\t\t\t\t<span class=\"edgtf-line-1\"><\/span>\n\t\t\t\t<span class=\"edgtf-line-2\"><\/span>\n\t\t\t\t<span class=\"edgtf-line-3\"><\/span>\n\t\t\t\t<span class=\"edgtf-line-4\"><\/span>\n\t\t\t<\/span>\n\t\t\t<\/div>\n\t<\/article>\n<article class=\"edgtf-portfolio-item mix portfolio_category_206\" >\n\t<a class=\"edgtf-portfolio-link\" href=\"#\"><\/a>\n\t<div class=\"edgtf-item-image-holder\">\n\t<img loading=\"lazy\" decoding=\"async\" width=\"800\" height=\"600\" src=\"https:\/\/hoteldowntown.de\/wp-content\/uploads\/2018\/05\/Clarion_Fru\u0308hstu\u0308ck_4-1-800x600.jpg\" class=\"attachment-ratio_edge_landscape size-ratio_edge_landscape wp-post-image\" alt=\"\" \/>\t\t\t\t\n\t<\/div>\n\t<div class=\"edgtf-item-text-overlay\">\n\t\t<div class=\"edgtf-item-text-overlay-inner\">\n\t\t\t<div class=\"edgtf-item-text-holder\">\n\t\t\t\t<div class=\"edgtf-item-text-holder-inner\">\n\t\t\t\t\t<h4 class=\"edgtf-item-title\">\n\t\t\t\t\t\tRestaurant 6\t\t\t\t\t<\/h4>\n\t\t\t\t\t<span class=\"edgtf-ptf-line\"><\/span>\n\t\t\t\t\t<h6 class=\"edgtf-ptf-category-holder\"><span>Restaurant<\/span><\/h6>\t\t\t\t<\/div>\n\t\t\t<\/div>\n\t\t<\/div>\n\t\t\t\t\t<span class=\"edgtf-hover-border\">\n\t\t\t\t<span class=\"edgtf-line-1\"><\/span>\n\t\t\t\t<span class=\"edgtf-line-2\"><\/span>\n\t\t\t\t<span class=\"edgtf-line-3\"><\/span>\n\t\t\t\t<span class=\"edgtf-line-4\"><\/span>\n\t\t\t<\/span>\n\t\t\t<\/div>\n\t<\/article>\n<article class=\"edgtf-portfolio-item mix portfolio_category_206\" >\n\t<a class=\"edgtf-portfolio-link\" href=\"#\"><\/a>\n\t<div class=\"edgtf-item-image-holder\">\n\t<img loading=\"lazy\" decoding=\"async\" width=\"800\" height=\"600\" src=\"https:\/\/hoteldowntown.de\/wp-content\/uploads\/2018\/04\/12-min-800x600.jpg\" class=\"attachment-ratio_edge_landscape size-ratio_edge_landscape wp-post-image\" alt=\"\" \/>\t\t\t\t\n\t<\/div>\n\t<div class=\"edgtf-item-text-overlay\">\n\t\t<div class=\"edgtf-item-text-overlay-inner\">\n\t\t\t<div class=\"edgtf-item-text-holder\">\n\t\t\t\t<div class=\"edgtf-item-text-holder-inner\">\n\t\t\t\t\t<h4 class=\"edgtf-item-title\">\n\t\t\t\t\t\tRestaurant 8\t\t\t\t\t<\/h4>\n\t\t\t\t\t<span class=\"edgtf-ptf-line\"><\/span>\n\t\t\t\t\t<h6 class=\"edgtf-ptf-category-holder\"><span>Restaurant<\/span><\/h6>\t\t\t\t<\/div>\n\t\t\t<\/div>\n\t\t<\/div>\n\t\t\t\t\t<span class=\"edgtf-hover-border\">\n\t\t\t\t<span class=\"edgtf-line-1\"><\/span>\n\t\t\t\t<span class=\"edgtf-line-2\"><\/span>\n\t\t\t\t<span class=\"edgtf-line-3\"><\/span>\n\t\t\t\t<span class=\"edgtf-line-4\"><\/span>\n\t\t\t<\/span>\n\t\t\t<\/div>\n\t<\/article>\n<article class=\"edgtf-portfolio-item mix portfolio_category_206\" >\n\t<a class=\"edgtf-portfolio-link\" href=\"#\"><\/a>\n\t<div class=\"edgtf-item-image-holder\">\n\t<img loading=\"lazy\" decoding=\"async\" width=\"800\" height=\"600\" src=\"https:\/\/hoteldowntown.de\/wp-content\/uploads\/2018\/04\/Clarion_Bar_3-min-800x600.jpg\" class=\"attachment-ratio_edge_landscape size-ratio_edge_landscape wp-post-image\" alt=\"\" \/>\t\t\t\t\n\t<\/div>\n\t<div class=\"edgtf-item-text-overlay\">\n\t\t<div class=\"edgtf-item-text-overlay-inner\">\n\t\t\t<div class=\"edgtf-item-text-holder\">\n\t\t\t\t<div class=\"edgtf-item-text-holder-inner\">\n\t\t\t\t\t<h4 class=\"edgtf-item-title\">\n\t\t\t\t\t\tRestaurant 7\t\t\t\t\t<\/h4>\n\t\t\t\t\t<span class=\"edgtf-ptf-line\"><\/span>\n\t\t\t\t\t<h6 class=\"edgtf-ptf-category-holder\"><span>Restaurant<\/span><\/h6>\t\t\t\t<\/div>\n\t\t\t<\/div>\n\t\t<\/div>\n\t\t\t\t\t<span class=\"edgtf-hover-border\">\n\t\t\t\t<span class=\"edgtf-line-1\"><\/span>\n\t\t\t\t<span class=\"edgtf-line-2\"><\/span>\n\t\t\t\t<span class=\"edgtf-line-3\"><\/span>\n\t\t\t\t<span class=\"edgtf-line-4\"><\/span>\n\t\t\t<\/span>\n\t\t\t<\/div>\n\t<\/article>\n<article class=\"edgtf-portfolio-item mix portfolio_category_206\" >\n\t<a class=\"edgtf-portfolio-link\" href=\"#\"><\/a>\n\t<div class=\"edgtf-item-image-holder\">\n\t<img loading=\"lazy\" decoding=\"async\" width=\"800\" height=\"600\" src=\"https:\/\/hoteldowntown.de\/wp-content\/uploads\/2018\/05\/Clarion_Fru\u0308hstu\u0308ck_1-min-1-1.jpg\" class=\"attachment-ratio_edge_landscape size-ratio_edge_landscape wp-post-image\" alt=\"\" srcset=\"https:\/\/hoteldowntown.de\/wp-content\/uploads\/2018\/05\/Clarion_Fru\u0308hstu\u0308ck_1-min-1-1.jpg 800w, https:\/\/hoteldowntown.de\/wp-content\/uploads\/2018\/05\/Clarion_Fru\u0308hstu\u0308ck_1-min-1-1-300x225.jpg 300w, https:\/\/hoteldowntown.de\/wp-content\/uploads\/2018\/05\/Clarion_Fru\u0308hstu\u0308ck_1-min-1-1-768x576.jpg 768w\" sizes=\"auto, (max-width: 800px) 100vw, 800px\" \/>\t\t\t\t\n\t<\/div>\n\t<div class=\"edgtf-item-text-overlay\">\n\t\t<div class=\"edgtf-item-text-overlay-inner\">\n\t\t\t<div class=\"edgtf-item-text-holder\">\n\t\t\t\t<div class=\"edgtf-item-text-holder-inner\">\n\t\t\t\t\t<h4 class=\"edgtf-item-title\">\n\t\t\t\t\t\tRestaurant 1\t\t\t\t\t<\/h4>\n\t\t\t\t\t<span class=\"edgtf-ptf-line\"><\/span>\n\t\t\t\t\t<h6 class=\"edgtf-ptf-category-holder\"><span>Restaurant<\/span><\/h6>\t\t\t\t<\/div>\n\t\t\t<\/div>\n\t\t<\/div>\n\t\t\t\t\t<span class=\"edgtf-hover-border\">\n\t\t\t\t<span class=\"edgtf-line-1\"><\/span>\n\t\t\t\t<span class=\"edgtf-line-2\"><\/span>\n\t\t\t\t<span class=\"edgtf-line-3\"><\/span>\n\t\t\t\t<span class=\"edgtf-line-4\"><\/span>\n\t\t\t<\/span>\n\t\t\t<\/div>\n\t<\/article>\n<\/div><\/div>[vc_empty_space height=\u00bb20px\u00bb][\/vc_column][\/vc_row][vc_row row_type=\u00bbparallax\u00bb content_width=\u00bbgrid\u00bb full_screen_section_height=\u00bbno\u00bb parallax_background_image=\u00bb6827&#8243;][vc_column]<div class=\"edgtf-testimonials-holder clearfix\"><span class=\"edgtf-testimonial-icon icon_quotations\"><\/span><div class=\"edgtf-slick-slider-navigation-style edgtf-testimonials edgtf-testimonials-type-simple edgtf-border-around-yes\"  data-arrows-navigation =\"false\"><div class=\"edgtf-testimonial-content edgtf-testimonials3162\">\n\t<div class=\"edgtf-testimonial-content-inner\">\n\t\t<div class=\"edgtf-testimonial-text-holder\">\n\t\t\t<div class=\"edgtf-testimonial-text-inner\">\n\t\t\t\t\t\t\t\t<p class=\"edgtf-testimonial-text\">Das Zimmer war sehr sauber und super sch\u00f6n! Das Personal sehr freundlich und hilfsbereit. Man war sofort am Hauptbahnhof, wodurch die Bahn und Zug Verbindiungen sehr gut waren. Eine Stra\u00dfe weiter gab es sehr viele Restaurants, wo f\u00fcr jeden etwas dabei war!<\/p>\n\t\t\t\t\t\t\t\t\t<div class = \"edgtf-testimonial-author\">\n\t\t\t\t\t\t<h6 class=\"edgtf-testimonial-author-text\" >\n\t\t\t\t\t\t\t- Celina<span class=\"edgtf-testimonials-job\" >, Guest  - Deutschland<\/span>\t\t\t\t\t\t<\/h6>\n\t\t\t\t\t<\/div>\n\t\t\t\t\t\t\t\t\t\t\t<\/div>\n\t\t<\/div>\n\t<\/div>\t\n<\/div>\n<div class=\"edgtf-testimonial-content edgtf-testimonials3161\">\n\t<div class=\"edgtf-testimonial-content-inner\">\n\t\t<div class=\"edgtf-testimonial-text-holder\">\n\t\t\t<div class=\"edgtf-testimonial-text-inner\">\n\t\t\t\t\t\t\t\t<p class=\"edgtf-testimonial-text\">The bed and bedsheets were very comfortable. It was very warm, clean and a nice atmosphere. The location is also great for people having connexion with the train station. It is less than 5 minutes walking. There are a lot of restaurants in the streets.<\/p>\n\t\t\t\t\t\t\t\t\t<div class = \"edgtf-testimonial-author\">\n\t\t\t\t\t\t<h6 class=\"edgtf-testimonial-author-text\" >\n\t\t\t\t\t\t\t- David<span class=\"edgtf-testimonials-job\" >, Guest - Mexico<\/span>\t\t\t\t\t\t<\/h6>\n\t\t\t\t\t<\/div>\n\t\t\t\t\t\t\t\t\t\t\t<\/div>\n\t\t<\/div>\n\t<\/div>\t\n<\/div>\n<div class=\"edgtf-testimonial-content edgtf-testimonials3160\">\n\t<div class=\"edgtf-testimonial-content-inner\">\n\t\t<div class=\"edgtf-testimonial-text-holder\">\n\t\t\t<div class=\"edgtf-testimonial-text-inner\">\n\t\t\t\t\t\t\t\t<p class=\"edgtf-testimonial-text\">Modern eingerichtet, Personal sehr nett. Zimmer waren sehr sauber ????<\/p>\n\t\t\t\t\t\t\t\t\t<div class = \"edgtf-testimonial-author\">\n\t\t\t\t\t\t<h6 class=\"edgtf-testimonial-author-text\" >\n\t\t\t\t\t\t\t- Lisa<span class=\"edgtf-testimonials-job\" >, Guest - Deutschland<\/span>\t\t\t\t\t\t<\/h6>\n\t\t\t\t\t<\/div>\n\t\t\t\t\t\t\t\t\t\t\t<\/div>\n\t\t<\/div>\n\t<\/div>\t\n<\/div>\n<\/div><\/div>[\/vc_column][\/vc_row]<\/p>\n<\/div>","protected":false},"excerpt":{"rendered":"<p>[vc_row][vc_column][rev_slider_vc alias=\u00bbrestaurant\u00bb][\/vc_column][\/vc_row][vc_row css_animation=\u00bbedgtf-element-from-left\u00bb content_width=\u00bbgrid\u00bb content_aligment=\u00bbcenter\u00bb css=\u00bb.vc_custom_1513095476348{padding-top: 20px !important;padding-bottom: 20px !important;}\u00bb][vc_column css=\u00bb.vc_custom_1513095454115{padding-top: 20px !important;padding-bottom: 20px !important;}\u00bb][\/vc_column][\/vc_row][vc_row content_width=\u00bbgrid\u00bb content_aligment=\u00bbcenter\u00bb css=\u00bb.vc_custom_1525069402646{padding-top: 73px !important;padding-bottom: 73px !important;background-color: #1d1d1d !important;}\u00bb][vc_column][vc_column_text] BUCHEN SIE DIREKT \u00dcBER UNSERE WEBSITE Best Preis GARANTIE [\/vc_column_text][\/vc_column][\/vc_row][vc_row content_width=\u00bbgrid\u00bb css=\u00bb.vc_custom_1526343894927{margin-top: 20px !important;}\u00bb el_class=\u00bbcajas\u00bb][vc_column css=\u00bb.vc_custom_1513801923554{padding-top: 20px !important;padding-bottom: 40px !important;}\u00bb][\/vc_column][\/vc_row][vc_row][vc_column][vc_empty_space height=\u00bb20px\u00bb][\/vc_column][\/vc_row][vc_row&#8230;<\/p>\n","protected":false},"author":1,"featured_media":0,"parent":0,"menu_order":0,"comment_status":"closed","ping_status":"closed","template":"full-width.php","meta":{"footnotes":""},"class_list":["post-7115","page","type-page","status-publish","hentry"],"_links":{"self":[{"href":"https:\/\/hoteldowntown.de\/es\/wp-json\/wp\/v2\/pages\/7115","targetHints":{"allow":["GET"]}}],"collection":[{"href":"https:\/\/hoteldowntown.de\/es\/wp-json\/wp\/v2\/pages"}],"about":[{"href":"https:\/\/hoteldowntown.de\/es\/wp-json\/wp\/v2\/types\/page"}],"author":[{"embeddable":true,"href":"https:\/\/hoteldowntown.de\/es\/wp-json\/wp\/v2\/users\/1"}],"replies":[{"embeddable":true,"href":"https:\/\/hoteldowntown.de\/es\/wp-json\/wp\/v2\/comments?post=7115"}],"version-history":[{"count":18,"href":"https:\/\/hoteldowntown.de\/es\/wp-json\/wp\/v2\/pages\/7115\/revisions"}],"predecessor-version":[{"id":7400,"href":"https:\/\/hoteldowntown.de\/es\/wp-json\/wp\/v2\/pages\/7115\/revisions\/7400"}],"wp:attachment":[{"href":"https:\/\/hoteldowntown.de\/es\/wp-json\/wp\/v2\/media?parent=7115"}],"curies":[{"name":"wp","href":"https:\/\/api.w.org\/{rel}","templated":true}]}}